{"id":218,"date":"2022-08-29T10:12:30","date_gmt":"2022-08-29T08:12:30","guid":{"rendered":"https:\/\/captyvan.fr\/?page_id=218"},"modified":"2025-12-18T10:49:27","modified_gmt":"2025-12-18T09:49:27","slug":"placage-et-meuble","status":"publish","type":"page","link":"https:\/\/captyvan.fr\/?page_id=218","title":{"rendered":"PLACAGE ET MEUBLE"},"content":{"rendered":"\t\t<div data-elementor-type=\"wp-page\" data-elementor-id=\"218\" class=\"elementor elementor-218\">\n\t\t\t\t<div class=\"elementor-element elementor-element-4a5a3b8 e-flex e-con-boxed e-con e-parent\" data-id=\"4a5a3b8\" data-element_type=\"container\">\n\t\t\t\t\t<div class=\"e-con-inner\">\n\t\t<div class=\"elementor-element elementor-element-d9a2924 e-con-full e-flex e-con e-child\" data-id=\"d9a2924\" data-element_type=\"container\">\n\t\t\t\t<div class=\"elementor-element elementor-element-7de062d elementor-widget elementor-widget-text-editor\" data-id=\"7de062d\" data-element_type=\"widget\" data-widget_type=\"text-editor.default\">\n\t\t\t\t<div class=\"elementor-widget-container\">\n\t\t\t\t\t\t\t\t\t<p><span style=\"text-decoration: underline;\"><strong>MERCEDES L3H3<\/strong><\/span><\/p>\t\t\t\t\t\t\t\t<\/div>\n\t\t\t\t<\/div>\n\t\t\t\t<\/div>\n\t\t\t\t\t<\/div>\n\t\t\t\t<\/div>\n\t\t<div class=\"elementor-element elementor-element-7108041 e-flex e-con-boxed e-con e-parent\" data-id=\"7108041\" data-element_type=\"container\">\n\t\t\t\t\t<div class=\"e-con-inner\">\n\t\t<div class=\"elementor-element elementor-element-9ff2c1a e-con-full e-flex e-con e-child\" data-id=\"9ff2c1a\" data-element_type=\"container\">\n\t\t\t\t<div class=\"elementor-element elementor-element-05741c6 elementor-widget elementor-widget-image\" data-id=\"05741c6\" data-element_type=\"widget\" data-widget_type=\"image.default\">\n\t\t\t\t<div class=\"elementor-widget-container\">\n\t\t\t\t\t\t\t\t\t\t\t\t\t\t\t<img fetchpriority=\"high\" decoding=\"async\" width=\"270\" height=\"250\" src=\"https:\/\/captyvan.fr\/wp-content\/uploads\/2024\/09\/1727263165285-270x250.jpg\" class=\"attachment-tc-thumb size-tc-thumb wp-image-982 no-lazy\" alt=\"\" \/>\t\t\t\t\t\t\t\t\t\t\t\t\t\t\t<\/div>\n\t\t\t\t<\/div>\n\t\t\t\t<\/div>\n\t\t<div class=\"elementor-element elementor-element-aaee568 e-con-full e-flex e-con e-child\" data-id=\"aaee568\" data-element_type=\"container\">\n\t\t\t\t<div class=\"elementor-element elementor-element-abd61d9 elementor-widget elementor-widget-image\" data-id=\"abd61d9\" data-element_type=\"widget\" data-widget_type=\"image.default\">\n\t\t\t\t<div class=\"elementor-widget-container\">\n\t\t\t\t\t\t\t\t\t\t\t\t\t\t\t<img decoding=\"async\" width=\"188\" height=\"250\" src=\"https:\/\/captyvan.fr\/wp-content\/uploads\/2024\/09\/1727263165317-scaled.jpg\" class=\"attachment-tc-thumb size-tc-thumb wp-image-984 no-lazy\" alt=\"\" srcset=\"https:\/\/captyvan.fr\/wp-content\/uploads\/2024\/09\/1727263165317-scaled.jpg 1928w, https:\/\/captyvan.fr\/wp-content\/uploads\/2024\/09\/1727263165317-226x300.jpg 226w\" sizes=\"(max-width: 188px) 100vw, 188px\" \/>\t\t\t\t\t\t\t\t\t\t\t\t\t\t\t<\/div>\n\t\t\t\t<\/div>\n\t\t\t\t<\/div>\n\t\t<div class=\"elementor-element elementor-element-99fed15 e-con-full e-flex e-con e-child\" data-id=\"99fed15\" data-element_type=\"container\">\n\t\t\t\t<div class=\"elementor-element elementor-element-baf5f11 elementor-widget elementor-widget-image\" data-id=\"baf5f11\" data-element_type=\"widget\" data-widget_type=\"image.default\">\n\t\t\t\t<div class=\"elementor-widget-container\">\n\t\t\t\t\t\t\t\t\t\t\t\t\t\t\t<img decoding=\"async\" width=\"270\" height=\"250\" src=\"https:\/\/captyvan.fr\/wp-content\/uploads\/2024\/09\/1727263165277-270x250.jpg\" class=\"attachment-tc-thumb size-tc-thumb wp-image-985 no-lazy\" alt=\"\" \/>\t\t\t\t\t\t\t\t\t\t\t\t\t\t\t<\/div>\n\t\t\t\t<\/div>\n\t\t\t\t<\/div>\n\t\t<div class=\"elementor-element elementor-element-bed6231 e-con-full e-flex e-con e-child\" data-id=\"bed6231\" data-element_type=\"container\">\n\t\t\t\t<div class=\"elementor-element elementor-element-0f799c7 elementor-widget elementor-widget-image\" data-id=\"0f799c7\" data-element_type=\"widget\" data-widget_type=\"image.default\">\n\t\t\t\t<div class=\"elementor-widget-container\">\n\t\t\t\t\t\t\t\t\t\t\t\t\t\t\t<img loading=\"lazy\" decoding=\"async\" width=\"270\" height=\"250\" src=\"https:\/\/captyvan.fr\/wp-content\/uploads\/2024\/09\/1727263165293-270x250.jpg\" class=\"attachment-tc-thumb size-tc-thumb wp-image-983 no-lazy\" alt=\"\" \/>\t\t\t\t\t\t\t\t\t\t\t\t\t\t\t<\/div>\n\t\t\t\t<\/div>\n\t\t\t\t<\/div>\n\t\t\t\t\t<\/div>\n\t\t\t\t<\/div>\n\t\t<div class=\"elementor-element elementor-element-2fde6c1 e-flex e-con-boxed e-con e-parent\" data-id=\"2fde6c1\" data-element_type=\"container\">\n\t\t\t\t\t<div class=\"e-con-inner\">\n\t\t\t\t<div class=\"elementor-element elementor-element-321f176 elementor-widget elementor-widget-text-editor\" data-id=\"321f176\" data-element_type=\"widget\" data-widget_type=\"text-editor.default\">\n\t\t\t\t<div class=\"elementor-widget-container\">\n\t\t\t\t\t\t\t\t\t<p>Fourgon atelier avec cr\u00e9ation d'\u00e9tag\u00e8res, cr\u00e9ation d un \u00e9tabli, pose d un sol antid\u00e9rapant\u00a0<\/p>\t\t\t\t\t\t\t\t<\/div>\n\t\t\t\t<\/div>\n\t\t\t\t\t<\/div>\n\t\t\t\t<\/div>\n\t\t<div class=\"elementor-element elementor-element-8529b44 e-flex e-con-boxed e-con e-parent\" data-id=\"8529b44\" data-element_type=\"container\">\n\t\t\t\t\t<div class=\"e-con-inner\">\n\t\t\t\t<div class=\"elementor-element elementor-element-2b4f83b elementor-widget elementor-widget-text-editor\" data-id=\"2b4f83b\" data-element_type=\"widget\" data-widget_type=\"text-editor.default\">\n\t\t\t\t<div class=\"elementor-widget-container\">\n\t\t\t\t\t\t\t\t\t<p><strong>-----------------------------------------------------<\/strong><\/p>\t\t\t\t\t\t\t\t<\/div>\n\t\t\t\t<\/div>\n\t\t\t\t\t<\/div>\n\t\t\t\t<\/div>\n\t\t<div class=\"elementor-element elementor-element-da369c6 e-flex e-con-boxed e-con e-parent\" data-id=\"da369c6\" data-element_type=\"container\">\n\t\t\t\t\t<div class=\"e-con-inner\">\n\t\t\t\t<div class=\"elementor-element elementor-element-098914d elementor-widget elementor-widget-heading\" data-id=\"098914d\" data-element_type=\"widget\" data-widget_type=\"heading.default\">\n\t\t\t\t<div class=\"elementor-widget-container\">\n\t\t\t\t\t<h4 class=\"elementor-heading-title elementor-size-default\">HUYNDAI NV 200<\/h4>\t\t\t\t<\/div>\n\t\t\t\t<\/div>\n\t\t\t\t\t<\/div>\n\t\t\t\t<\/div>\n\t\t<div class=\"elementor-element elementor-element-6f9cd71 e-flex e-con-boxed e-con e-parent\" data-id=\"6f9cd71\" data-element_type=\"container\">\n\t\t\t\t\t<div class=\"e-con-inner\">\n\t\t<div class=\"elementor-element elementor-element-d555f9c e-con-full e-flex e-con e-child\" data-id=\"d555f9c\" data-element_type=\"container\">\n\t\t\t\t<div class=\"elementor-element elementor-element-546e020 elementor-widget elementor-widget-image\" data-id=\"546e020\" data-element_type=\"widget\" data-widget_type=\"image.default\">\n\t\t\t\t<div class=\"elementor-widget-container\">\n\t\t\t\t\t\t\t\t\t\t\t\t\t\t\t<img loading=\"lazy\" decoding=\"async\" width=\"270\" height=\"250\" src=\"https:\/\/captyvan.fr\/wp-content\/uploads\/2024\/07\/88c92c34-b261-45f4-ac0e-1a8ca40c9d2d-270x250.jpg\" class=\"attachment-tc-thumb size-tc-thumb wp-image-938 no-lazy\" alt=\"\" \/>\t\t\t\t\t\t\t\t\t\t\t\t\t\t\t<\/div>\n\t\t\t\t<\/div>\n\t\t\t\t<\/div>\n\t\t<div class=\"elementor-element elementor-element-834efa9 e-con-full e-flex e-con e-child\" data-id=\"834efa9\" data-element_type=\"container\">\n\t\t\t\t<div class=\"elementor-element elementor-element-137d318 elementor-widget elementor-widget-image\" data-id=\"137d318\" data-element_type=\"widget\" data-widget_type=\"image.default\">\n\t\t\t\t<div class=\"elementor-widget-container\">\n\t\t\t\t\t\t\t\t\t\t\t\t\t\t\t<img loading=\"lazy\" decoding=\"async\" width=\"270\" height=\"250\" src=\"https:\/\/captyvan.fr\/wp-content\/uploads\/2024\/07\/9acb674d-9f62-45b0-a490-c43695270c74-270x250.jpg\" class=\"attachment-tc-thumb size-tc-thumb wp-image-939 no-lazy\" alt=\"\" \/>\t\t\t\t\t\t\t\t\t\t\t\t\t\t\t<\/div>\n\t\t\t\t<\/div>\n\t\t\t\t<\/div>\n\t\t<div class=\"elementor-element elementor-element-63cace0 e-con-full e-flex e-con e-child\" data-id=\"63cace0\" data-element_type=\"container\">\n\t\t\t\t<div class=\"elementor-element elementor-element-b07ea24 elementor-widget elementor-widget-image\" data-id=\"b07ea24\" data-element_type=\"widget\" data-widget_type=\"image.default\">\n\t\t\t\t<div class=\"elementor-widget-container\">\n\t\t\t\t\t\t\t\t\t\t\t\t\t\t\t<img loading=\"lazy\" decoding=\"async\" width=\"270\" height=\"250\" src=\"https:\/\/captyvan.fr\/wp-content\/uploads\/2024\/07\/ffe2fc04-df6e-4b0d-b4ab-68092769c5db-270x250.jpg\" class=\"attachment-tc-thumb size-tc-thumb wp-image-940 no-lazy\" alt=\"\" \/>\t\t\t\t\t\t\t\t\t\t\t\t\t\t\t<\/div>\n\t\t\t\t<\/div>\n\t\t\t\t<\/div>\n\t\t<div class=\"elementor-element elementor-element-36b0a7a e-con-full e-flex e-con e-child\" data-id=\"36b0a7a\" data-element_type=\"container\">\n\t\t\t\t<div class=\"elementor-element elementor-element-b62f1b1 elementor-widget elementor-widget-image\" data-id=\"b62f1b1\" data-element_type=\"widget\" data-widget_type=\"image.default\">\n\t\t\t\t<div class=\"elementor-widget-container\">\n\t\t\t\t\t\t\t\t\t\t\t\t\t\t\t<img loading=\"lazy\" decoding=\"async\" width=\"270\" height=\"250\" src=\"https:\/\/captyvan.fr\/wp-content\/uploads\/2024\/07\/f6ec0791-bdf3-40e1-8361-6125b353d6cb-270x250.jpg\" class=\"attachment-tc-thumb size-tc-thumb wp-image-941 no-lazy\" alt=\"\" \/>\t\t\t\t\t\t\t\t\t\t\t\t\t\t\t<\/div>\n\t\t\t\t<\/div>\n\t\t\t\t<\/div>\n\t\t\t\t\t<\/div>\n\t\t\t\t<\/div>\n\t\t<div class=\"elementor-element elementor-element-d2d2046 e-flex e-con-boxed e-con e-parent\" data-id=\"d2d2046\" data-element_type=\"container\">\n\t\t\t\t\t<div class=\"e-con-inner\">\n\t\t\t\t<div class=\"elementor-element elementor-element-163f34b elementor-widget elementor-widget-text-editor\" data-id=\"163f34b\" data-element_type=\"widget\" data-widget_type=\"text-editor.default\">\n\t\t\t\t<div class=\"elementor-widget-container\">\n\t\t\t\t\t\t\t\t\t<p>Fabrication sur mesure de 2 tiroirs de rangement sur glissi\u00e8res avec tablette, transformable en lit.<\/p>\t\t\t\t\t\t\t\t<\/div>\n\t\t\t\t<\/div>\n\t\t\t\t\t<\/div>\n\t\t\t\t<\/div>\n\t\t<div class=\"elementor-element elementor-element-dd47680 e-flex e-con-boxed e-con e-parent\" data-id=\"dd47680\" data-element_type=\"container\">\n\t\t\t\t\t<div class=\"e-con-inner\">\n\t\t\t\t<div class=\"elementor-element elementor-element-a6d5be1 elementor-widget elementor-widget-text-editor\" data-id=\"a6d5be1\" data-element_type=\"widget\" data-widget_type=\"text-editor.default\">\n\t\t\t\t<div class=\"elementor-widget-container\">\n\t\t\t\t\t\t\t\t\t<p><strong>-----------------------------------------------------<\/strong>.<\/p>\t\t\t\t\t\t\t\t<\/div>\n\t\t\t\t<\/div>\n\t\t\t\t\t<\/div>\n\t\t\t\t<\/div>\n\t\t<div class=\"elementor-element elementor-element-641d419 e-flex e-con-boxed e-con e-parent\" data-id=\"641d419\" data-element_type=\"container\">\n\t\t\t\t\t<div class=\"e-con-inner\">\n\t\t\t\t<div class=\"elementor-element elementor-element-5157af3 elementor-widget elementor-widget-heading\" data-id=\"5157af3\" data-element_type=\"widget\" data-widget_type=\"heading.default\">\n\t\t\t\t<div class=\"elementor-widget-container\">\n\t\t\t\t\t<h4 class=\"elementor-heading-title elementor-size-default\">SIEGES AVANT DE CAMPING CAR<\/h4>\t\t\t\t<\/div>\n\t\t\t\t<\/div>\n\t\t\t\t\t<\/div>\n\t\t\t\t<\/div>\n\t\t<div class=\"elementor-element elementor-element-5c43adf e-con-full e-flex e-con e-parent\" data-id=\"5c43adf\" data-element_type=\"container\">\n\t\t<div class=\"elementor-element elementor-element-b0fb018 e-con-full e-flex e-con e-child\" data-id=\"b0fb018\" data-element_type=\"container\">\n\t\t\t\t<div class=\"elementor-element elementor-element-054564f elementor-widget elementor-widget-image\" data-id=\"054564f\" data-element_type=\"widget\" data-widget_type=\"image.default\">\n\t\t\t\t<div class=\"elementor-widget-container\">\n\t\t\t\t\t\t\t\t\t\t\t\t\t\t\t<img loading=\"lazy\" decoding=\"async\" width=\"188\" height=\"250\" src=\"https:\/\/captyvan.fr\/wp-content\/uploads\/2024\/07\/1720541440624-scaled.jpg\" class=\"attachment-tc-thumb size-tc-thumb wp-image-947 no-lazy\" alt=\"\" \/>\t\t\t\t\t\t\t\t\t\t\t\t\t\t\t<\/div>\n\t\t\t\t<\/div>\n\t\t\t\t<\/div>\n\t\t<div class=\"elementor-element elementor-element-b20f62b e-con-full e-flex e-con e-child\" data-id=\"b20f62b\" data-element_type=\"container\">\n\t\t\t\t<div class=\"elementor-element elementor-element-ca36e03 elementor-widget elementor-widget-image\" data-id=\"ca36e03\" data-element_type=\"widget\" data-widget_type=\"image.default\">\n\t\t\t\t<div class=\"elementor-widget-container\">\n\t\t\t\t\t\t\t\t\t\t\t\t\t\t\t<img loading=\"lazy\" decoding=\"async\" width=\"188\" height=\"250\" src=\"https:\/\/captyvan.fr\/wp-content\/uploads\/2024\/07\/image_67234049-scaled.jpg\" class=\"attachment-tc-thumb size-tc-thumb wp-image-948 no-lazy\" alt=\"\" srcset=\"https:\/\/captyvan.fr\/wp-content\/uploads\/2024\/07\/image_67234049-scaled.jpg 1920w, https:\/\/captyvan.fr\/wp-content\/uploads\/2024\/07\/image_67234049-225x300.jpg 225w\" sizes=\"(max-width: 188px) 100vw, 188px\" \/>\t\t\t\t\t\t\t\t\t\t\t\t\t\t\t<\/div>\n\t\t\t\t<\/div>\n\t\t\t\t<\/div>\n\t\t<div class=\"elementor-element elementor-element-76c64ae e-con-full e-flex e-con e-child\" data-id=\"76c64ae\" data-element_type=\"container\">\n\t\t\t\t<div class=\"elementor-element elementor-element-33fc2b4 elementor-widget__width-initial elementor-widget elementor-widget-image\" data-id=\"33fc2b4\" data-element_type=\"widget\" data-widget_type=\"image.default\">\n\t\t\t\t<div class=\"elementor-widget-container\">\n\t\t\t\t\t\t\t\t\t\t\t\t\t\t\t<img loading=\"lazy\" decoding=\"async\" width=\"188\" height=\"250\" src=\"https:\/\/captyvan.fr\/wp-content\/uploads\/2024\/07\/1720541440615-scaled.jpg\" class=\"attachment-tc-thumb size-tc-thumb wp-image-949 no-lazy\" alt=\"\" srcset=\"https:\/\/captyvan.fr\/wp-content\/uploads\/2024\/07\/1720541440615-scaled.jpg 1928w, https:\/\/captyvan.fr\/wp-content\/uploads\/2024\/07\/1720541440615-226x300.jpg 226w\" sizes=\"(max-width: 188px) 100vw, 188px\" \/>\t\t\t\t\t\t\t\t\t\t\t\t\t\t\t<\/div>\n\t\t\t\t<\/div>\n\t\t\t\t<\/div>\n\t\t\t\t<div class=\"elementor-element elementor-element-a6f88d5 elementor-widget elementor-widget-image\" data-id=\"a6f88d5\" data-element_type=\"widget\" data-widget_type=\"image.default\">\n\t\t\t\t<div class=\"elementor-widget-container\">\n\t\t\t\t\t\t\t\t\t\t\t\t\t\t\t<img loading=\"lazy\" decoding=\"async\" width=\"1\" height=\"1\" src=\"https:\/\/captyvan.fr\/wp-content\/uploads\/2024\/07\/1720541440620.jpg\" class=\"attachment-large size-large wp-image-951 no-lazy\" alt=\"\" \/>\t\t\t\t\t\t\t\t\t\t\t\t\t\t\t<\/div>\n\t\t\t\t<\/div>\n\t\t<div class=\"elementor-element elementor-element-e318d84 e-con-full e-flex e-con e-child\" data-id=\"e318d84\" data-element_type=\"container\">\n\t\t\t\t<div class=\"elementor-element elementor-element-22678cb elementor-widget elementor-widget-image\" data-id=\"22678cb\" data-element_type=\"widget\" data-widget_type=\"image.default\">\n\t\t\t\t<div class=\"elementor-widget-container\">\n\t\t\t\t\t\t\t\t\t\t\t\t\t\t\t<img loading=\"lazy\" decoding=\"async\" width=\"1\" height=\"1\" src=\"https:\/\/captyvan.fr\/wp-content\/uploads\/2024\/07\/1720541440620.jpg\" class=\"attachment-medium size-medium wp-image-951 no-lazy\" alt=\"\" \/>\t\t\t\t\t\t\t\t\t\t\t\t\t\t\t<\/div>\n\t\t\t\t<\/div>\n\t\t\t\t<\/div>\n\t\t\t\t<\/div>\n\t\t<div class=\"elementor-element elementor-element-4a2beb6 e-flex e-con-boxed e-con e-parent\" data-id=\"4a2beb6\" data-element_type=\"container\">\n\t\t\t\t\t<div class=\"e-con-inner\">\n\t\t\t\t<div class=\"elementor-element elementor-element-6023734 elementor-widget elementor-widget-text-editor\" data-id=\"6023734\" data-element_type=\"widget\" data-widget_type=\"text-editor.default\">\n\t\t\t\t<div class=\"elementor-widget-container\">\n\t\t\t\t\t\t\t\t\t<p>Avant \/ Apr\u00e8s la r\u00e9fection de si\u00e8ges avant de camping car.<\/p>\t\t\t\t\t\t\t\t<\/div>\n\t\t\t\t<\/div>\n\t\t\t\t\t<\/div>\n\t\t\t\t<\/div>\n\t\t\t\t<\/div>\n\t\t","protected":false},"excerpt":{"rendered":"<p>MERCEDES L3H3 Fourgon atelier avec cr\u00e9ation d'\u00e9tag\u00e8res, cr\u00e9ation d un \u00e9tabli, pose d un sol antid\u00e9rapant\u00a0 ----------------------------------------------------- HUYNDAI NV 200 Fabrication sur mesure de 2 tiroirs de rangement sur glissi\u00e8res avec tablette, transformable en lit. -----------------------------------------------------. SIEGES AVANT DE CAMPING CAR Avant \/ Apr\u00e8s la r\u00e9fection de si\u00e8ges avant de camping car.<\/p>\n","protected":false},"author":1,"featured_media":0,"parent":0,"menu_order":0,"comment_status":"closed","ping_status":"closed","template":"","meta":{"footnotes":""},"class_list":["post-218","page","type-page","status-publish","czr-hentry"],"_links":{"self":[{"href":"https:\/\/captyvan.fr\/index.php?rest_route=\/wp\/v2\/pages\/218","targetHints":{"allow":["GET"]}}],"collection":[{"href":"https:\/\/captyvan.fr\/index.php?rest_route=\/wp\/v2\/pages"}],"about":[{"href":"https:\/\/captyvan.fr\/index.php?rest_route=\/wp\/v2\/types\/page"}],"author":[{"embeddable":true,"href":"https:\/\/captyvan.fr\/index.php?rest_route=\/wp\/v2\/users\/1"}],"replies":[{"embeddable":true,"href":"https:\/\/captyvan.fr\/index.php?rest_route=%2Fwp%2Fv2%2Fcomments&post=218"}],"version-history":[{"count":22,"href":"https:\/\/captyvan.fr\/index.php?rest_route=\/wp\/v2\/pages\/218\/revisions"}],"predecessor-version":[{"id":1438,"href":"https:\/\/captyvan.fr\/index.php?rest_route=\/wp\/v2\/pages\/218\/revisions\/1438"}],"wp:attachment":[{"href":"https:\/\/captyvan.fr\/index.php?rest_route=%2Fwp%2Fv2%2Fmedia&parent=218"}],"curies":[{"name":"wp","href":"https:\/\/api.w.org\/{rel}","templated":true}]}}