{"id":260,"date":"2022-09-05T14:31:40","date_gmt":"2022-09-05T12:31:40","guid":{"rendered":"https:\/\/captyvan.fr\/?page_id=260"},"modified":"2026-01-13T11:48:48","modified_gmt":"2026-01-13T10:48:48","slug":"qui-sommes-nous","status":"publish","type":"page","link":"https:\/\/captyvan.fr\/?page_id=260","title":{"rendered":"Qui Sommes Nous ?"},"content":{"rendered":"\t\t<div data-elementor-type=\"wp-page\" data-elementor-id=\"260\" class=\"elementor elementor-260\">\n\t\t\t\t<div class=\"elementor-element elementor-element-3b4614ac e-flex e-con-boxed e-con e-parent\" data-id=\"3b4614ac\" data-element_type=\"container\">\n\t\t\t\t\t<div class=\"e-con-inner\">\n\t\t\t\t<div class=\"elementor-element elementor-element-205f5b91 elementor-widget elementor-widget-text-editor\" data-id=\"205f5b91\" data-element_type=\"widget\" data-widget_type=\"text-editor.default\">\n\t\t\t\t<div class=\"elementor-widget-container\">\n\t\t\t\t\t\t\t\t\t<p>Bienvenu sur notre site !\u00a0 \u00a0\u00a0<\/p>\n<p>Laissez nous nous pr\u00e9senter.<\/p>\n<p>\u00a0<\/p>\n<p><!-- \/wp:paragraph --><!-- wp:paragraph --><\/p>\n<p>Nous sommes un couple de quarantenaire qui voyageait\u00a0 en van depuis 2017 en famille avec nos 4 enfants et nos 2 fid\u00e8les compagnons \u00e0 travers la France, l'Espagne, l'Italie, la Suisse, la Tha\u00eflande, la Norv\u00e8ge .<\/p>\n<p><!-- \/wp:paragraph --><!-- wp:paragraph --><\/p>\n<p>Nous avions am\u00e9nag\u00e9 notre premier van nous m\u00eame et c\u2019est de la que notre passion nous \u00e0 donn\u00e9e envie de partager notre savoir faire, afin que chacun puisse voyager \u00e0 sa mani\u00e8re.<\/p>\n<p><!-- \/wp:paragraph --><!-- wp:paragraph --><\/p>\n<p>Nous avons cr\u00e9\u00e9 notre SARL Cap Ty\u2019Van en 2022, situ\u00e9e en Bretagne, sur la commune de La Landec.<\/p>\n<p>\u00a0<\/p>\n<p><!-- \/wp:paragraph --><!-- wp:paragraph --><\/p>\n<p>Elle consiste \u00e0 am\u00e9nager sur mesure vos vans et fourgons selon vos envies et besoins pour passer des vacances et des week-ends de bonheur !<\/p>\n<p>Nous faisons \u00e9galement l'am\u00e9nagement de vos v\u00e9hicules d'atelier.<\/p>\n<p><!-- \/wp:paragraph --><!-- wp:paragraph --><\/p>\n<p>Nous pouvons vous faire une r\u00e9alisation compl\u00e8te de votre v\u00e9hicule, ou bien en partie, pose d'une isolation, cr\u00e9ation d'ouvertures, cr\u00e9ation d'un point eau,...<\/p>\n<p><!-- \/wp:paragraph --><!-- wp:paragraph --><\/p>\n<p>Nous faisons \u00e9galement un SAV de toutes vos r\u00e9parations en ce qui concerne l'am\u00e9nagement de vos v\u00e9hicules de loisirs que ce soit van, fourgon ou camping car, r\u00e9fection des si\u00e8ges avant et banquettes, restauration des ciels de toits, restauration des dessous de ch\u00e2ssis, carrosserie,... ainsi que les tests \u00e9tanch\u00e9it\u00e9 .<\/p>\n<p>\u00a0<\/p>\n<p><!-- \/wp:paragraph --><!-- wp:paragraph --><\/p>\n<p>A tr\u00e8s bient\u00f4t sur les routes !<\/p>\n<p><!-- \/wp:paragraph --><!-- wp:paragraph --><\/p>\n<p>Alexandre et Jessica<\/p>\n<p><!-- \/wp:paragraph --><!-- wp:paragraph --><\/p>\n<p><!-- \/wp:paragraph --><\/p>\t\t\t\t\t\t\t\t<\/div>\n\t\t\t\t<\/div>\n\t\t\t\t\t<\/div>\n\t\t\t\t<\/div>\n\t\t\t\t<\/div>\n\t\t","protected":false},"excerpt":{"rendered":"<p>Bienvenu sur notre site !\u00a0 \u00a0\u00a0 Laissez nous nous pr\u00e9senter. \u00a0 Nous sommes un couple de quarantenaire qui voyageait\u00a0 en van depuis 2017 en famille avec nos 4 enfants et nos 2 fid\u00e8les compagnons \u00e0 travers la France, l'Espagne, l'Italie, la Suisse, la Tha\u00eflande, la Norv\u00e8ge . Nous avions am\u00e9nag\u00e9 notre premier van nous m\u00eame [&hellip;]<\/p>\n","protected":false},"author":1,"featured_media":0,"parent":0,"menu_order":0,"comment_status":"closed","ping_status":"closed","template":"","meta":{"footnotes":""},"class_list":["post-260","page","type-page","status-publish","czr-hentry"],"_links":{"self":[{"href":"https:\/\/captyvan.fr\/index.php?rest_route=\/wp\/v2\/pages\/260","targetHints":{"allow":["GET"]}}],"collection":[{"href":"https:\/\/captyvan.fr\/index.php?rest_route=\/wp\/v2\/pages"}],"about":[{"href":"https:\/\/captyvan.fr\/index.php?rest_route=\/wp\/v2\/types\/page"}],"author":[{"embeddable":true,"href":"https:\/\/captyvan.fr\/index.php?rest_route=\/wp\/v2\/users\/1"}],"replies":[{"embeddable":true,"href":"https:\/\/captyvan.fr\/index.php?rest_route=%2Fwp%2Fv2%2Fcomments&post=260"}],"version-history":[{"count":11,"href":"https:\/\/captyvan.fr\/index.php?rest_route=\/wp\/v2\/pages\/260\/revisions"}],"predecessor-version":[{"id":1477,"href":"https:\/\/captyvan.fr\/index.php?rest_route=\/wp\/v2\/pages\/260\/revisions\/1477"}],"wp:attachment":[{"href":"https:\/\/captyvan.fr\/index.php?rest_route=%2Fwp%2Fv2%2Fmedia&parent=260"}],"curies":[{"name":"wp","href":"https:\/\/api.w.org\/{rel}","templated":true}]}}