{"id":52,"date":"2022-08-09T12:33:08","date_gmt":"2022-08-09T10:33:08","guid":{"rendered":"https:\/\/captyvan.fr\/?page_id=52"},"modified":"2024-11-06T14:31:09","modified_gmt":"2024-11-06T13:31:09","slug":"amenagement","status":"publish","type":"page","link":"https:\/\/captyvan.fr\/?page_id=52","title":{"rendered":"Am\u00e9nagement"},"content":{"rendered":"","protected":false},"excerpt":{"rendered":"<p>Nous pouvons vous faire une r\u00e9alisation compl\u00e8te de votre v\u00e9hicule, ou bien en partie, ainsi que les dossiers VASP.<\/p>\n","protected":false},"author":1,"featured_media":900,"parent":0,"menu_order":0,"comment_status":"closed","ping_status":"closed","template":"","meta":{"footnotes":""},"class_list":["post-52","page","type-page","status-publish","has-post-thumbnail","czr-hentry"],"_links":{"self":[{"href":"https:\/\/captyvan.fr\/index.php?rest_route=\/wp\/v2\/pages\/52","targetHints":{"allow":["GET"]}}],"collection":[{"href":"https:\/\/captyvan.fr\/index.php?rest_route=\/wp\/v2\/pages"}],"about":[{"href":"https:\/\/captyvan.fr\/index.php?rest_route=\/wp\/v2\/types\/page"}],"author":[{"embeddable":true,"href":"https:\/\/captyvan.fr\/index.php?rest_route=\/wp\/v2\/users\/1"}],"replies":[{"embeddable":true,"href":"https:\/\/captyvan.fr\/index.php?rest_route=%2Fwp%2Fv2%2Fcomments&post=52"}],"version-history":[{"count":4,"href":"https:\/\/captyvan.fr\/index.php?rest_route=\/wp\/v2\/pages\/52\/revisions"}],"predecessor-version":[{"id":189,"href":"https:\/\/captyvan.fr\/index.php?rest_route=\/wp\/v2\/pages\/52\/revisions\/189"}],"wp:featuredmedia":[{"embeddable":true,"href":"https:\/\/captyvan.fr\/index.php?rest_route=\/wp\/v2\/media\/900"}],"wp:attachment":[{"href":"https:\/\/captyvan.fr\/index.php?rest_route=%2Fwp%2Fv2%2Fmedia&parent=52"}],"curies":[{"name":"wp","href":"https:\/\/api.w.org\/{rel}","templated":true}]}}