{"id":65,"date":"2022-08-09T12:43:27","date_gmt":"2022-08-09T10:43:27","guid":{"rendered":"https:\/\/captyvan.fr\/?page_id=65"},"modified":"2024-11-06T15:40:14","modified_gmt":"2024-11-06T14:40:14","slug":"location-vans","status":"publish","type":"page","link":"https:\/\/captyvan.fr\/?page_id=65","title":{"rendered":"Location"},"content":{"rendered":"\t\t<div data-elementor-type=\"wp-page\" data-elementor-id=\"65\" class=\"elementor elementor-65\">\n\t\t\t\t<div class=\"elementor-element elementor-element-c19af3b e-flex e-con-boxed e-con e-parent\" data-id=\"c19af3b\" data-element_type=\"container\">\n\t\t\t\t\t<div class=\"e-con-inner\">\n\t\t\t\t<div class=\"elementor-element elementor-element-d7e7108 elementor-widget elementor-widget-text-editor\" data-id=\"d7e7108\" data-element_type=\"widget\" data-widget_type=\"text-editor.default\">\n\t\t\t\t<div class=\"elementor-widget-container\">\n\t\t\t\t\t\t\t\t\t<p>------------------------------------------------------------------------------------------------------------------------------------------------------<\/p>\t\t\t\t\t\t\t\t<\/div>\n\t\t\t\t<\/div>\n\t\t\t\t\t<\/div>\n\t\t\t\t<\/div>\n\t\t<div class=\"elementor-element elementor-element-d2d10a7 e-con-full e-flex e-con e-parent\" data-id=\"d2d10a7\" data-element_type=\"container\">\n\t\t<div class=\"elementor-element elementor-element-044c8a5 e-con-full e-flex e-con e-child\" data-id=\"044c8a5\" data-element_type=\"container\">\n\t\t\t\t<div class=\"elementor-element elementor-element-6535ed6 elementor-widget elementor-widget-text-editor\" data-id=\"6535ed6\" data-element_type=\"widget\" data-widget_type=\"text-editor.default\">\n\t\t\t\t<div class=\"elementor-widget-container\">\n\t\t\t\t\t\t\t\t\t<h2>\u00a0 \u00a0 \u00a0 \u00a0 \u00a0 \u00a0 \u00a0 \u00a0 \u00a0 \u00a0 \u00a0 \u00a0 \u00a0 \u00a0 \u00a0 \u00a0 \u00a0 \u00a0 \u00a0 \u00a0 \u00a0 \u00a0 \u00a0 \u00a0 \u00a0 \u00a0 \u00a0 \u00a0Tente 165<\/h2>\t\t\t\t\t\t\t\t<\/div>\n\t\t\t\t<\/div>\n\t\t\t\t<\/div>\n\t\t\t\t<\/div>\n\t\t<div class=\"elementor-element elementor-element-606bc42 e-flex e-con-boxed e-con e-parent\" data-id=\"606bc42\" data-element_type=\"container\">\n\t\t\t\t\t<div class=\"e-con-inner\">\n\t\t<div class=\"elementor-element elementor-element-81ac2ff e-con-full e-flex e-con e-child\" data-id=\"81ac2ff\" data-element_type=\"container\">\n\t\t\t\t<div class=\"elementor-element elementor-element-d6877e4 elementor-widget elementor-widget-image\" data-id=\"d6877e4\" data-element_type=\"widget\" data-widget_type=\"image.default\">\n\t\t\t\t<div class=\"elementor-widget-container\">\n\t\t\t\t\t\t\t\t\t\t\t\t\t\t\t<img fetchpriority=\"high\" decoding=\"async\" width=\"800\" height=\"800\" src=\"https:\/\/captyvan.fr\/wp-content\/uploads\/2024\/09\/tente-de-toit-hybride-mighty-oak-light-165-line-x.jpg\" class=\"attachment-large size-large wp-image-971 no-lazy\" alt=\"\" srcset=\"https:\/\/captyvan.fr\/wp-content\/uploads\/2024\/09\/tente-de-toit-hybride-mighty-oak-light-165-line-x.jpg 800w, https:\/\/captyvan.fr\/wp-content\/uploads\/2024\/09\/tente-de-toit-hybride-mighty-oak-light-165-line-x-300x300.jpg 300w, https:\/\/captyvan.fr\/wp-content\/uploads\/2024\/09\/tente-de-toit-hybride-mighty-oak-light-165-line-x-150x150.jpg 150w, https:\/\/captyvan.fr\/wp-content\/uploads\/2024\/09\/tente-de-toit-hybride-mighty-oak-light-165-line-x-768x768.jpg 768w, https:\/\/captyvan.fr\/wp-content\/uploads\/2024\/09\/tente-de-toit-hybride-mighty-oak-light-165-line-x-510x510.jpg 510w, https:\/\/captyvan.fr\/wp-content\/uploads\/2024\/09\/tente-de-toit-hybride-mighty-oak-light-165-line-x-600x600.jpg 600w, https:\/\/captyvan.fr\/wp-content\/uploads\/2024\/09\/tente-de-toit-hybride-mighty-oak-light-165-line-x-100x100.jpg 100w\" sizes=\"(max-width: 800px) 100vw, 800px\" \/>\t\t\t\t\t\t\t\t\t\t\t\t\t\t\t<\/div>\n\t\t\t\t<\/div>\n\t\t\t\t<\/div>\n\t\t<div class=\"elementor-element elementor-element-cd8e945 e-con-full e-flex e-con e-child\" data-id=\"cd8e945\" data-element_type=\"container\">\n\t\t\t\t<div class=\"elementor-element elementor-element-9125e3e elementor-widget elementor-widget-image\" data-id=\"9125e3e\" data-element_type=\"widget\" data-widget_type=\"image.default\">\n\t\t\t\t<div class=\"elementor-widget-container\">\n\t\t\t\t\t\t\t\t\t\t\t\t\t\t\t<img decoding=\"async\" width=\"800\" height=\"800\" src=\"https:\/\/captyvan.fr\/wp-content\/uploads\/2024\/09\/tente-de-toit-hybride-mighty-oak-light-165-line-x-3.png\" class=\"attachment-large size-large wp-image-973 no-lazy\" alt=\"\" srcset=\"https:\/\/captyvan.fr\/wp-content\/uploads\/2024\/09\/tente-de-toit-hybride-mighty-oak-light-165-line-x-3.png 800w, https:\/\/captyvan.fr\/wp-content\/uploads\/2024\/09\/tente-de-toit-hybride-mighty-oak-light-165-line-x-3-300x300.png 300w, https:\/\/captyvan.fr\/wp-content\/uploads\/2024\/09\/tente-de-toit-hybride-mighty-oak-light-165-line-x-3-150x150.png 150w, https:\/\/captyvan.fr\/wp-content\/uploads\/2024\/09\/tente-de-toit-hybride-mighty-oak-light-165-line-x-3-768x768.png 768w, https:\/\/captyvan.fr\/wp-content\/uploads\/2024\/09\/tente-de-toit-hybride-mighty-oak-light-165-line-x-3-510x510.png 510w, https:\/\/captyvan.fr\/wp-content\/uploads\/2024\/09\/tente-de-toit-hybride-mighty-oak-light-165-line-x-3-600x600.png 600w, https:\/\/captyvan.fr\/wp-content\/uploads\/2024\/09\/tente-de-toit-hybride-mighty-oak-light-165-line-x-3-100x100.png 100w\" sizes=\"(max-width: 800px) 100vw, 800px\" \/>\t\t\t\t\t\t\t\t\t\t\t\t\t\t\t<\/div>\n\t\t\t\t<\/div>\n\t\t\t\t<\/div>\n\t\t<div class=\"elementor-element elementor-element-44fee21 e-con-full e-flex e-con e-child\" data-id=\"44fee21\" data-element_type=\"container\">\n\t\t\t\t<div class=\"elementor-element elementor-element-ecd91d5 elementor-widget elementor-widget-image\" data-id=\"ecd91d5\" data-element_type=\"widget\" data-widget_type=\"image.default\">\n\t\t\t\t<div class=\"elementor-widget-container\">\n\t\t\t\t\t\t\t\t\t\t\t\t\t\t\t<img decoding=\"async\" width=\"800\" height=\"800\" src=\"https:\/\/captyvan.fr\/wp-content\/uploads\/2024\/09\/tente-de-toit-hybride-mighty-oak-light-165-line-x-4.png\" class=\"attachment-large size-large wp-image-974 no-lazy\" alt=\"\" srcset=\"https:\/\/captyvan.fr\/wp-content\/uploads\/2024\/09\/tente-de-toit-hybride-mighty-oak-light-165-line-x-4.png 800w, https:\/\/captyvan.fr\/wp-content\/uploads\/2024\/09\/tente-de-toit-hybride-mighty-oak-light-165-line-x-4-300x300.png 300w, https:\/\/captyvan.fr\/wp-content\/uploads\/2024\/09\/tente-de-toit-hybride-mighty-oak-light-165-line-x-4-150x150.png 150w, https:\/\/captyvan.fr\/wp-content\/uploads\/2024\/09\/tente-de-toit-hybride-mighty-oak-light-165-line-x-4-768x768.png 768w, https:\/\/captyvan.fr\/wp-content\/uploads\/2024\/09\/tente-de-toit-hybride-mighty-oak-light-165-line-x-4-510x510.png 510w, https:\/\/captyvan.fr\/wp-content\/uploads\/2024\/09\/tente-de-toit-hybride-mighty-oak-light-165-line-x-4-600x600.png 600w, https:\/\/captyvan.fr\/wp-content\/uploads\/2024\/09\/tente-de-toit-hybride-mighty-oak-light-165-line-x-4-100x100.png 100w\" sizes=\"(max-width: 800px) 100vw, 800px\" \/>\t\t\t\t\t\t\t\t\t\t\t\t\t\t\t<\/div>\n\t\t\t\t<\/div>\n\t\t\t\t<\/div>\n\t\t<div class=\"elementor-element elementor-element-b31c267 e-con-full e-flex e-con e-child\" data-id=\"b31c267\" data-element_type=\"container\">\n\t\t\t\t<div class=\"elementor-element elementor-element-c196acf elementor-widget elementor-widget-image\" data-id=\"c196acf\" data-element_type=\"widget\" data-widget_type=\"image.default\">\n\t\t\t\t<div class=\"elementor-widget-container\">\n\t\t\t\t\t\t\t\t\t\t\t\t\t\t\t<img loading=\"lazy\" decoding=\"async\" width=\"800\" height=\"800\" src=\"https:\/\/captyvan.fr\/wp-content\/uploads\/2024\/09\/tente-de-toit-hybride-mighty-oak-light-165-line-x-1.jpg\" class=\"attachment-large size-large wp-image-972 no-lazy\" alt=\"\" srcset=\"https:\/\/captyvan.fr\/wp-content\/uploads\/2024\/09\/tente-de-toit-hybride-mighty-oak-light-165-line-x-1.jpg 800w, https:\/\/captyvan.fr\/wp-content\/uploads\/2024\/09\/tente-de-toit-hybride-mighty-oak-light-165-line-x-1-300x300.jpg 300w, https:\/\/captyvan.fr\/wp-content\/uploads\/2024\/09\/tente-de-toit-hybride-mighty-oak-light-165-line-x-1-150x150.jpg 150w, https:\/\/captyvan.fr\/wp-content\/uploads\/2024\/09\/tente-de-toit-hybride-mighty-oak-light-165-line-x-1-768x768.jpg 768w, https:\/\/captyvan.fr\/wp-content\/uploads\/2024\/09\/tente-de-toit-hybride-mighty-oak-light-165-line-x-1-510x510.jpg 510w, https:\/\/captyvan.fr\/wp-content\/uploads\/2024\/09\/tente-de-toit-hybride-mighty-oak-light-165-line-x-1-600x600.jpg 600w, https:\/\/captyvan.fr\/wp-content\/uploads\/2024\/09\/tente-de-toit-hybride-mighty-oak-light-165-line-x-1-100x100.jpg 100w\" sizes=\"(max-width: 800px) 100vw, 800px\" \/>\t\t\t\t\t\t\t\t\t\t\t\t\t\t\t<\/div>\n\t\t\t\t<\/div>\n\t\t\t\t<\/div>\n\t\t\t\t\t<\/div>\n\t\t\t\t<\/div>\n\t\t<div class=\"elementor-element elementor-element-ebf4fb5 e-con-full e-flex e-con e-parent\" data-id=\"ebf4fb5\" data-element_type=\"container\">\n\t\t<div class=\"elementor-element elementor-element-ce754da e-con-full e-flex e-con e-child\" data-id=\"ce754da\" data-element_type=\"container\">\n\t\t\t\t<div class=\"elementor-element elementor-element-c06155c elementor-view-default elementor-widget elementor-widget-icon\" data-id=\"c06155c\" data-element_type=\"widget\" data-widget_type=\"icon.default\">\n\t\t\t\t<div class=\"elementor-widget-container\">\n\t\t\t\t\t\t\t<div class=\"elementor-icon-wrapper\">\n\t\t\t<div class=\"elementor-icon\">\n\t\t\t<svg aria-hidden=\"true\" class=\"e-font-icon-svg e-fas-shuttle-van\" viewBox=\"0 0 640 512\" xmlns=\"http:\/\/www.w3.org\/2000\/svg\"><path d=\"M628.88 210.65L494.39 49.27A48.01 48.01 0 0 0 457.52 32H32C14.33 32 0 46.33 0 64v288c0 17.67 14.33 32 32 32h32c0 53.02 42.98 96 96 96s96-42.98 96-96h128c0 53.02 42.98 96 96 96s96-42.98 96-96h32c17.67 0 32-14.33 32-32V241.38c0-11.23-3.94-22.1-11.12-30.73zM64 192V96h96v96H64zm96 240c-26.51 0-48-21.49-48-48s21.49-48 48-48 48 21.49 48 48-21.49 48-48 48zm160-240h-96V96h96v96zm160 240c-26.51 0-48-21.49-48-48s21.49-48 48-48 48 21.49 48 48-21.49 48-48 48zm-96-240V96h66.02l80 96H384z\"><\/path><\/svg>\t\t\t<\/div>\n\t\t<\/div>\n\t\t\t\t\t\t<\/div>\n\t\t\t\t<\/div>\n\t\t\t\t<div class=\"elementor-element elementor-element-f053b43 elementor-widget elementor-widget-text-editor\" data-id=\"f053b43\" data-element_type=\"widget\" data-widget_type=\"text-editor.default\">\n\t\t\t\t<div class=\"elementor-widget-container\">\n\t\t\t\t\t\t\t\t\t<p>Tente de toit<\/p>\t\t\t\t\t\t\t\t<\/div>\n\t\t\t\t<\/div>\n\t\t\t\t<\/div>\n\t\t<div class=\"elementor-element elementor-element-ebce559 e-con-full e-flex e-con e-child\" data-id=\"ebce559\" data-element_type=\"container\">\n\t\t\t\t<div class=\"elementor-element elementor-element-7a4a758 elementor-view-default elementor-widget elementor-widget-icon\" data-id=\"7a4a758\" data-element_type=\"widget\" data-widget_type=\"icon.default\">\n\t\t\t\t<div class=\"elementor-widget-container\">\n\t\t\t\t\t\t\t<div class=\"elementor-icon-wrapper\">\n\t\t\t<div class=\"elementor-icon\">\n\t\t\t<svg aria-hidden=\"true\" class=\"e-font-icon-svg e-fas-chair\" viewBox=\"0 0 448 512\" xmlns=\"http:\/\/www.w3.org\/2000\/svg\"><path d=\"M112 128c0-29.5 16.2-55 40-68.9V256h48V48h48v208h48V59.1c23.8 13.9 40 39.4 40 68.9v128h48V128C384 57.3 326.7 0 256 0h-64C121.3 0 64 57.3 64 128v128h48zm334.3 213.9l-10.7-32c-4.4-13.1-16.6-21.9-30.4-21.9H42.7c-13.8 0-26 8.8-30.4 21.9l-10.7 32C-5.2 362.6 10.2 384 32 384v112c0 8.8 7.2 16 16 16h32c8.8 0 16-7.2 16-16V384h256v112c0 8.8 7.2 16 16 16h32c8.8 0 16-7.2 16-16V384c21.8 0 37.2-21.4 30.3-42.1z\"><\/path><\/svg>\t\t\t<\/div>\n\t\t<\/div>\n\t\t\t\t\t\t<\/div>\n\t\t\t\t<\/div>\n\t\t\t\t<div class=\"elementor-element elementor-element-b5061f9 elementor-widget elementor-widget-text-editor\" data-id=\"b5061f9\" data-element_type=\"widget\" data-widget_type=\"text-editor.default\">\n\t\t\t\t<div class=\"elementor-widget-container\">\n\t\t\t\t\t\t\t\t\t<p>2 Places<\/p>\t\t\t\t\t\t\t\t<\/div>\n\t\t\t\t<\/div>\n\t\t\t\t<\/div>\n\t\t<div class=\"elementor-element elementor-element-1d70607 e-con-full e-flex e-con e-child\" data-id=\"1d70607\" data-element_type=\"container\">\n\t\t\t\t<div class=\"elementor-element elementor-element-c1501ba elementor-view-default elementor-widget elementor-widget-icon\" data-id=\"c1501ba\" data-element_type=\"widget\" data-widget_type=\"icon.default\">\n\t\t\t\t<div class=\"elementor-widget-container\">\n\t\t\t\t\t\t\t<div class=\"elementor-icon-wrapper\">\n\t\t\t<div class=\"elementor-icon\">\n\t\t\t<svg aria-hidden=\"true\" class=\"e-font-icon-svg e-fas-bed\" viewBox=\"0 0 640 512\" xmlns=\"http:\/\/www.w3.org\/2000\/svg\"><path d=\"M176 256c44.11 0 80-35.89 80-80s-35.89-80-80-80-80 35.89-80 80 35.89 80 80 80zm352-128H304c-8.84 0-16 7.16-16 16v144H64V80c0-8.84-7.16-16-16-16H16C7.16 64 0 71.16 0 80v352c0 8.84 7.16 16 16 16h32c8.84 0 16-7.16 16-16v-48h512v48c0 8.84 7.16 16 16 16h32c8.84 0 16-7.16 16-16V240c0-61.86-50.14-112-112-112z\"><\/path><\/svg>\t\t\t<\/div>\n\t\t<\/div>\n\t\t\t\t\t\t<\/div>\n\t\t\t\t<\/div>\n\t\t\t\t<div class=\"elementor-element elementor-element-61f8f1f elementor-widget elementor-widget-text-editor\" data-id=\"61f8f1f\" data-element_type=\"widget\" data-widget_type=\"text-editor.default\">\n\t\t\t\t<div class=\"elementor-widget-container\">\n\t\t\t\t\t\t\t\t\t<p>2 \u00e0 3 Couchages<\/p>\t\t\t\t\t\t\t\t<\/div>\n\t\t\t\t<\/div>\n\t\t\t\t<\/div>\n\t\t<div class=\"elementor-element elementor-element-9a7534d e-con-full e-flex e-con e-child\" data-id=\"9a7534d\" data-element_type=\"container\">\n\t\t\t\t<div class=\"elementor-element elementor-element-5c04b18 elementor-view-default elementor-widget elementor-widget-icon\" data-id=\"5c04b18\" data-element_type=\"widget\" data-widget_type=\"icon.default\">\n\t\t\t\t<div class=\"elementor-widget-container\">\n\t\t\t\t\t\t\t<div class=\"elementor-icon-wrapper\">\n\t\t\t<div class=\"elementor-icon\">\n\t\t\t<svg aria-hidden=\"true\" class=\"e-font-icon-svg e-fas-dog\" viewBox=\"0 0 576 512\" xmlns=\"http:\/\/www.w3.org\/2000\/svg\"><path d=\"M298.06,224,448,277.55V496a16,16,0,0,1-16,16H368a16,16,0,0,1-16-16V384H192V496a16,16,0,0,1-16,16H112a16,16,0,0,1-16-16V282.09C58.84,268.84,32,233.66,32,192a32,32,0,0,1,64,0,32.06,32.06,0,0,0,32,32ZM544,112v32a64,64,0,0,1-64,64H448v35.58L320,197.87V48c0-14.25,17.22-21.39,27.31-11.31L374.59,64h53.63c10.91,0,23.75,7.92,28.62,17.69L464,96h64A16,16,0,0,1,544,112Zm-112,0a16,16,0,1,0-16,16A16,16,0,0,0,432,112Z\"><\/path><\/svg>\t\t\t<\/div>\n\t\t<\/div>\n\t\t\t\t\t\t<\/div>\n\t\t\t\t<\/div>\n\t\t\t\t<div class=\"elementor-element elementor-element-59a0773 elementor-widget elementor-widget-text-editor\" data-id=\"59a0773\" data-element_type=\"widget\" data-widget_type=\"text-editor.default\">\n\t\t\t\t<div class=\"elementor-widget-container\">\n\t\t\t\t\t\t\t\t\t<p>Animaux non autoriser<\/p>\t\t\t\t\t\t\t\t<\/div>\n\t\t\t\t<\/div>\n\t\t\t\t<\/div>\n\t\t\t\t<\/div>\n\t\t<div class=\"elementor-element elementor-element-bd80126 e-flex e-con-boxed e-con e-parent\" data-id=\"bd80126\" data-element_type=\"container\">\n\t\t\t\t\t<div class=\"e-con-inner\">\n\t\t\t\t<div class=\"elementor-element elementor-element-d02408f elementor-widget elementor-widget-text-editor\" data-id=\"d02408f\" data-element_type=\"widget\" data-widget_type=\"text-editor.default\">\n\t\t\t\t<div class=\"elementor-widget-container\">\n\t\t\t\t\t\t\t\t\t<p>Partez \u00e0 l\u2019aventure\u00a0<strong>avec votre v\u00e9hicule \u00e9quip\u00e9 de barres de toit<\/strong>\u00a0et notre Tente de Toit pour 2 \u00e0 3 personnes. La tente MIGHITY 165 est une tente \u00e0 coque rigide en aluminium pouvant accueillir 2 \u00e0 3 personnes<\/p><p>Elle est compos\u00e9e de :<\/p><p>\u2022 Eclairage 12W LED inclus<\/p><p>\u2022 Echelle t\u00e9lescopique aluminium de 2.3 m (charge max : 150 kg)<\/p><p>\u2022 Un matelas m\u00e9moire de forme (Lxlxh) : 200 x 148 x 135 cm<\/p><p>\u00c0 l\u2019int\u00e9rieur, les grandes ouvertures sur les trois c\u00f4t\u00e9s offrent une belle sensation d\u2019espace. La coque ext\u00e9rieure, les panneaux de tissu qui se chevauchent et les coutures \u00e9tanches vous gardent au sec par mauvais temps.<\/p><p>Son petit plus, une vue panoramique pour regarder les \u00e9toiles une fois sous votre couette !<\/p><p>A vous les belles aventures !!!!<\/p><p><strong>INCLUS DANS VOTRE LOCATION :<\/strong><\/p><ul><li>Caution 3.200,00 \u20ac\u00a0<strong>par ch\u00e8que a laisser le jour de votre d\u00e9part<\/strong><\/li><li>Annulation J-8 semaines\u00a0<\/li><li><strong>Le paiement par CB sers en cas d annulation pour le J-8 . Le paiement s\u2019effectue le jour du d\u00e9part<\/strong><\/li><\/ul><p><strong>OPTIONS SUPPLEMENTAIRES :<\/strong>\u00a0( avec caution )<\/p><ul><li>Cabine de douche<\/li><li>R\u00e9chaud gaz 2 feux<\/li><li>Porte v\u00e9los 2 v\u00e9los compatible VAE sur boule d\u2019attelage coulissant pour portes arri\u00e8res<\/li><li>WC chimique avec produit pour le s\u00e9jour<\/li><li>Douche portable sous pression<\/li><li>Cabine de douche<\/li><li>Batterie nomade 12V \/ 220V \/ USB \u2026<\/li><li>Barbecue de table avec charbon<\/li><li>Service \u00e0 raclette a la bougie pour 2 personnes<\/li><li>Glaci\u00e8re \u00e0 compression Dometic 20L<\/li><li>Table pliante en bambou<\/li><li>Fauteuil relax<\/li><\/ul>\t\t\t\t\t\t\t\t<\/div>\n\t\t\t\t<\/div>\n\t\t\t\t\t<\/div>\n\t\t\t\t<\/div>\n\t\t<div class=\"elementor-element elementor-element-ff3bd37 e-flex e-con-boxed e-con e-parent\" data-id=\"ff3bd37\" data-element_type=\"container\">\n\t\t\t\t\t<div class=\"e-con-inner\">\n\t\t\t\t<div class=\"elementor-element elementor-element-6664049 elementor-align-center elementor-widget elementor-widget-button\" data-id=\"6664049\" data-element_type=\"widget\" data-widget_type=\"button.default\">\n\t\t\t\t<div class=\"elementor-widget-container\">\n\t\t\t\t\t\t\t\t\t<div class=\"elementor-button-wrapper\">\n\t\t\t\t\t<a class=\"elementor-button elementor-button-link elementor-size-sm\" href=\"https:\/\/captyvan.fr\/?page_id=806&#038;option=com_vikrentitems&#038;view=itemdetails&#038;elemid=3\">\n\t\t\t\t\t\t<span class=\"elementor-button-content-wrapper\">\n\t\t\t\t\t\t<span class=\"elementor-button-icon\">\n\t\t\t\t<svg aria-hidden=\"true\" class=\"e-font-icon-svg e-far-calendar-alt\" viewBox=\"0 0 448 512\" xmlns=\"http:\/\/www.w3.org\/2000\/svg\"><path d=\"M148 288h-40c-6.6 0-12-5.4-12-12v-40c0-6.6 5.4-12 12-12h40c6.6 0 12 5.4 12 12v40c0 6.6-5.4 12-12 12zm108-12v-40c0-6.6-5.4-12-12-12h-40c-6.6 0-12 5.4-12 12v40c0 6.6 5.4 12 12 12h40c6.6 0 12-5.4 12-12zm96 0v-40c0-6.6-5.4-12-12-12h-40c-6.6 0-12 5.4-12 12v40c0 6.6 5.4 12 12 12h40c6.6 0 12-5.4 12-12zm-96 96v-40c0-6.6-5.4-12-12-12h-40c-6.6 0-12 5.4-12 12v40c0 6.6 5.4 12 12 12h40c6.6 0 12-5.4 12-12zm-96 0v-40c0-6.6-5.4-12-12-12h-40c-6.6 0-12 5.4-12 12v40c0 6.6 5.4 12 12 12h40c6.6 0 12-5.4 12-12zm192 0v-40c0-6.6-5.4-12-12-12h-40c-6.6 0-12 5.4-12 12v40c0 6.6 5.4 12 12 12h40c6.6 0 12-5.4 12-12zm96-260v352c0 26.5-21.5 48-48 48H48c-26.5 0-48-21.5-48-48V112c0-26.5 21.5-48 48-48h48V12c0-6.6 5.4-12 12-12h40c6.6 0 12 5.4 12 12v52h128V12c0-6.6 5.4-12 12-12h40c6.6 0 12 5.4 12 12v52h48c26.5 0 48 21.5 48 48zm-48 346V160H48v298c0 3.3 2.7 6 6 6h340c3.3 0 6-2.7 6-6z\"><\/path><\/svg>\t\t\t<\/span>\n\t\t\t\t\t\t\t\t\t<span class=\"elementor-button-text\">Louer cette \" Tente 165 \"<\/span>\n\t\t\t\t\t<\/span>\n\t\t\t\t\t<\/a>\n\t\t\t\t<\/div>\n\t\t\t\t\t\t\t\t<\/div>\n\t\t\t\t<\/div>\n\t\t\t\t\t<\/div>\n\t\t\t\t<\/div>\n\t\t\t\t<\/div>\n\t\t","protected":false},"excerpt":{"rendered":"<p>Louez une Tente de Toit parmi notre s\u00e9lection !<\/p>\n","protected":false},"author":1,"featured_media":908,"parent":0,"menu_order":0,"comment_status":"closed","ping_status":"closed","template":"","meta":{"footnotes":""},"class_list":["post-65","page","type-page","status-publish","has-post-thumbnail","czr-hentry"],"_links":{"self":[{"href":"https:\/\/captyvan.fr\/index.php?rest_route=\/wp\/v2\/pages\/65","targetHints":{"allow":["GET"]}}],"collection":[{"href":"https:\/\/captyvan.fr\/index.php?rest_route=\/wp\/v2\/pages"}],"about":[{"href":"https:\/\/captyvan.fr\/index.php?rest_route=\/wp\/v2\/types\/page"}],"author":[{"embeddable":true,"href":"https:\/\/captyvan.fr\/index.php?rest_route=\/wp\/v2\/users\/1"}],"replies":[{"embeddable":true,"href":"https:\/\/captyvan.fr\/index.php?rest_route=%2Fwp%2Fv2%2Fcomments&post=65"}],"version-history":[{"count":23,"href":"https:\/\/captyvan.fr\/index.php?rest_route=\/wp\/v2\/pages\/65\/revisions"}],"predecessor-version":[{"id":1074,"href":"https:\/\/captyvan.fr\/index.php?rest_route=\/wp\/v2\/pages\/65\/revisions\/1074"}],"wp:featuredmedia":[{"embeddable":true,"href":"https:\/\/captyvan.fr\/index.php?rest_route=\/wp\/v2\/media\/908"}],"wp:attachment":[{"href":"https:\/\/captyvan.fr\/index.php?rest_route=%2Fwp%2Fv2%2Fmedia&parent=65"}],"curies":[{"name":"wp","href":"https:\/\/api.w.org\/{rel}","templated":true}]}}